{"id":1137,"date":"2026-02-22T18:25:33","date_gmt":"2026-02-22T18:25:33","guid":{"rendered":"https:\/\/agpedrogao.pt\/agpg\/?page_id=1137"},"modified":"2026-04-29T11:15:15","modified_gmt":"2026-04-29T11:15:15","slug":"spo","status":"publish","type":"page","link":"https:\/\/agpedrogao.pt\/agpg\/spo\/","title":{"rendered":"SPO"},"content":{"rendered":"\t\t<div data-elementor-type=\"wp-page\" data-elementor-id=\"1137\" class=\"elementor elementor-1137\">\n\t\t\t\t<div class=\"elementor-element elementor-element-46e16d5 e-flex e-con-boxed e-con e-parent\" data-id=\"46e16d5\" data-element_type=\"container\" data-e-type=\"container\" data-settings=\"{&quot;background_background&quot;:&quot;classic&quot;}\">\n\t\t\t\t\t<div class=\"e-con-inner\">\n\t\t<div class=\"elementor-element elementor-element-0d06d75 e-con-full e-transform e-flex e-con e-child\" data-id=\"0d06d75\" data-element_type=\"container\" data-e-type=\"container\" data-settings=\"{&quot;_transform_translateX_effect&quot;:{&quot;unit&quot;:&quot;px&quot;,&quot;size&quot;:61,&quot;sizes&quot;:[]},&quot;_transform_translateY_effect&quot;:{&quot;unit&quot;:&quot;px&quot;,&quot;size&quot;:-30,&quot;sizes&quot;:[]},&quot;_transform_translateX_effect_tablet&quot;:{&quot;unit&quot;:&quot;px&quot;,&quot;size&quot;:&quot;&quot;,&quot;sizes&quot;:[]},&quot;_transform_translateX_effect_mobile&quot;:{&quot;unit&quot;:&quot;px&quot;,&quot;size&quot;:&quot;&quot;,&quot;sizes&quot;:[]},&quot;_transform_translateY_effect_tablet&quot;:{&quot;unit&quot;:&quot;px&quot;,&quot;size&quot;:&quot;&quot;,&quot;sizes&quot;:[]},&quot;_transform_translateY_effect_mobile&quot;:{&quot;unit&quot;:&quot;px&quot;,&quot;size&quot;:&quot;&quot;,&quot;sizes&quot;:[]}}\">\n\t\t\t\t<div class=\"elementor-element elementor-element-2337ed2 elementor-widget elementor-widget-heading\" data-id=\"2337ed2\" data-element_type=\"widget\" data-e-type=\"widget\" data-widget_type=\"heading.default\">\n\t\t\t\t\t<h2 class=\"elementor-heading-title elementor-size-default\"><a href=\"https:\/\/agpedrogao.pt\/agpg\/\">Home<\/a><\/h2>\t\t\t\t<\/div>\n\t\t\t\t<\/div>\n\t\t<div class=\"elementor-element elementor-element-c78e326 e-con-full e-transform e-flex e-con e-child\" data-id=\"c78e326\" data-element_type=\"container\" data-e-type=\"container\" data-settings=\"{&quot;_transform_translateX_effect&quot;:{&quot;unit&quot;:&quot;px&quot;,&quot;size&quot;:13,&quot;sizes&quot;:[]},&quot;_transform_translateY_effect&quot;:{&quot;unit&quot;:&quot;px&quot;,&quot;size&quot;:-30,&quot;sizes&quot;:[]},&quot;_transform_translateX_effect_tablet&quot;:{&quot;unit&quot;:&quot;px&quot;,&quot;size&quot;:&quot;&quot;,&quot;sizes&quot;:[]},&quot;_transform_translateX_effect_mobile&quot;:{&quot;unit&quot;:&quot;px&quot;,&quot;size&quot;:&quot;&quot;,&quot;sizes&quot;:[]},&quot;_transform_translateY_effect_tablet&quot;:{&quot;unit&quot;:&quot;px&quot;,&quot;size&quot;:&quot;&quot;,&quot;sizes&quot;:[]},&quot;_transform_translateY_effect_mobile&quot;:{&quot;unit&quot;:&quot;px&quot;,&quot;size&quot;:&quot;&quot;,&quot;sizes&quot;:[]}}\">\n\t\t\t\t<div class=\"elementor-element elementor-element-84166e6 elementor-widget elementor-widget-heading\" data-id=\"84166e6\" data-element_type=\"widget\" data-e-type=\"widget\" data-widget_type=\"heading.default\">\n\t\t\t\t\t<h2 class=\"elementor-heading-title elementor-size-default\">\/<\/h2>\t\t\t\t<\/div>\n\t\t\t\t<\/div>\n\t\t<div class=\"elementor-element elementor-element-08b1111 e-con-full e-transform e-flex e-con e-child\" data-id=\"08b1111\" data-element_type=\"container\" data-e-type=\"container\" data-settings=\"{&quot;_transform_translateX_effect&quot;:{&quot;unit&quot;:&quot;px&quot;,&quot;size&quot;:13,&quot;sizes&quot;:[]},&quot;_transform_translateY_effect&quot;:{&quot;unit&quot;:&quot;px&quot;,&quot;size&quot;:-30,&quot;sizes&quot;:[]},&quot;_transform_translateX_effect_tablet&quot;:{&quot;unit&quot;:&quot;px&quot;,&quot;size&quot;:&quot;&quot;,&quot;sizes&quot;:[]},&quot;_transform_translateX_effect_mobile&quot;:{&quot;unit&quot;:&quot;px&quot;,&quot;size&quot;:&quot;&quot;,&quot;sizes&quot;:[]},&quot;_transform_translateY_effect_tablet&quot;:{&quot;unit&quot;:&quot;px&quot;,&quot;size&quot;:&quot;&quot;,&quot;sizes&quot;:[]},&quot;_transform_translateY_effect_mobile&quot;:{&quot;unit&quot;:&quot;px&quot;,&quot;size&quot;:&quot;&quot;,&quot;sizes&quot;:[]}}\">\n\t\t\t\t<div class=\"elementor-element elementor-element-1a8afbb elementor-widget__width-initial elementor-widget elementor-widget-heading\" data-id=\"1a8afbb\" data-element_type=\"widget\" data-e-type=\"widget\" data-widget_type=\"heading.default\">\n\t\t\t\t\t<h2 class=\"elementor-heading-title elementor-size-default\">Servi\u00e7o Social<\/h2>\t\t\t\t<\/div>\n\t\t\t\t<\/div>\n\t\t<div class=\"elementor-element elementor-element-02977c8 e-con-full e-transform e-flex e-con e-child\" data-id=\"02977c8\" data-element_type=\"container\" data-e-type=\"container\" data-settings=\"{&quot;_transform_translateX_effect&quot;:{&quot;unit&quot;:&quot;px&quot;,&quot;size&quot;:-2,&quot;sizes&quot;:[]},&quot;_transform_translateY_effect&quot;:{&quot;unit&quot;:&quot;px&quot;,&quot;size&quot;:-30,&quot;sizes&quot;:[]},&quot;_transform_translateX_effect_tablet&quot;:{&quot;unit&quot;:&quot;px&quot;,&quot;size&quot;:&quot;&quot;,&quot;sizes&quot;:[]},&quot;_transform_translateX_effect_mobile&quot;:{&quot;unit&quot;:&quot;px&quot;,&quot;size&quot;:&quot;&quot;,&quot;sizes&quot;:[]},&quot;_transform_translateY_effect_tablet&quot;:{&quot;unit&quot;:&quot;px&quot;,&quot;size&quot;:&quot;&quot;,&quot;sizes&quot;:[]},&quot;_transform_translateY_effect_mobile&quot;:{&quot;unit&quot;:&quot;px&quot;,&quot;size&quot;:&quot;&quot;,&quot;sizes&quot;:[]}}\">\n\t\t\t\t<div class=\"elementor-element elementor-element-5462950 elementor-widget elementor-widget-heading\" data-id=\"5462950\" data-element_type=\"widget\" data-e-type=\"widget\" data-widget_type=\"heading.default\">\n\t\t\t\t\t<h2 class=\"elementor-heading-title elementor-size-default\">\/<\/h2>\t\t\t\t<\/div>\n\t\t\t\t<\/div>\n\t\t<div class=\"elementor-element elementor-element-691600e e-con-full e-transform e-flex e-con e-child\" data-id=\"691600e\" data-element_type=\"container\" data-e-type=\"container\" data-settings=\"{&quot;_transform_translateX_effect&quot;:{&quot;unit&quot;:&quot;px&quot;,&quot;size&quot;:2,&quot;sizes&quot;:[]},&quot;_transform_translateY_effect&quot;:{&quot;unit&quot;:&quot;px&quot;,&quot;size&quot;:-30,&quot;sizes&quot;:[]},&quot;_transform_translateX_effect_tablet&quot;:{&quot;unit&quot;:&quot;px&quot;,&quot;size&quot;:&quot;&quot;,&quot;sizes&quot;:[]},&quot;_transform_translateX_effect_mobile&quot;:{&quot;unit&quot;:&quot;px&quot;,&quot;size&quot;:&quot;&quot;,&quot;sizes&quot;:[]},&quot;_transform_translateY_effect_tablet&quot;:{&quot;unit&quot;:&quot;px&quot;,&quot;size&quot;:&quot;&quot;,&quot;sizes&quot;:[]},&quot;_transform_translateY_effect_mobile&quot;:{&quot;unit&quot;:&quot;px&quot;,&quot;size&quot;:&quot;&quot;,&quot;sizes&quot;:[]}}\">\n\t\t\t\t<div class=\"elementor-element elementor-element-3f71683 elementor-widget elementor-widget-heading\" data-id=\"3f71683\" data-element_type=\"widget\" data-e-type=\"widget\" data-widget_type=\"heading.default\">\n\t\t\t\t\t<h2 class=\"elementor-heading-title elementor-size-default\">SPO<\/h2>\t\t\t\t<\/div>\n\t\t\t\t<\/div>\n\t\t<div class=\"elementor-element elementor-element-6cd29c2 e-con-full e-flex e-con e-child\" data-id=\"6cd29c2\" data-element_type=\"container\" data-e-type=\"container\">\n\t\t\t\t<div class=\"elementor-element elementor-element-c7e5c20 e-transform elementor-widget elementor-widget-heading\" data-id=\"c7e5c20\" data-element_type=\"widget\" data-e-type=\"widget\" data-settings=\"{&quot;_transform_scale_effect&quot;:{&quot;unit&quot;:&quot;px&quot;,&quot;size&quot;:&quot;&quot;,&quot;sizes&quot;:[]},&quot;_transform_scale_effect_tablet&quot;:{&quot;unit&quot;:&quot;px&quot;,&quot;size&quot;:&quot;&quot;,&quot;sizes&quot;:[]},&quot;_transform_scale_effect_mobile&quot;:{&quot;unit&quot;:&quot;px&quot;,&quot;size&quot;:&quot;&quot;,&quot;sizes&quot;:[]}}\" data-widget_type=\"heading.default\">\n\t\t\t\t\t<h2 class=\"elementor-heading-title elementor-size-default\">SERVI\u00c7O DE PSICOLOGIA E ORIENTA\u00c7\u00c3O<br>___<\/h2>\t\t\t\t<\/div>\n\t\t\t\t<\/div>\n\t\t\t\t\t<\/div>\n\t\t\t\t<\/div>\n\t\t<div class=\"elementor-element elementor-element-6ab9c4e e-flex e-con-boxed e-con e-parent\" data-id=\"6ab9c4e\" data-element_type=\"container\" data-e-type=\"container\">\n\t\t\t\t\t<div class=\"e-con-inner\">\n\t\t\t\t<div class=\"elementor-element elementor-element-66bf1b6 e-transform elementor-widget elementor-widget-text-editor\" data-id=\"66bf1b6\" data-element_type=\"widget\" data-e-type=\"widget\" data-settings=\"{&quot;_transform_translateY_effect&quot;:{&quot;unit&quot;:&quot;px&quot;,&quot;size&quot;:50,&quot;sizes&quot;:[]},&quot;_transform_translateX_effect&quot;:{&quot;unit&quot;:&quot;px&quot;,&quot;size&quot;:&quot;&quot;,&quot;sizes&quot;:[]},&quot;_transform_translateX_effect_tablet&quot;:{&quot;unit&quot;:&quot;px&quot;,&quot;size&quot;:&quot;&quot;,&quot;sizes&quot;:[]},&quot;_transform_translateX_effect_mobile&quot;:{&quot;unit&quot;:&quot;px&quot;,&quot;size&quot;:&quot;&quot;,&quot;sizes&quot;:[]},&quot;_transform_translateY_effect_tablet&quot;:{&quot;unit&quot;:&quot;px&quot;,&quot;size&quot;:&quot;&quot;,&quot;sizes&quot;:[]},&quot;_transform_translateY_effect_mobile&quot;:{&quot;unit&quot;:&quot;px&quot;,&quot;size&quot;:&quot;&quot;,&quot;sizes&quot;:[]}}\" data-widget_type=\"text-editor.default\">\n\t\t\t\t\t\t\t\t\t<p><strong>O que \u00e9 o Servi\u00e7o de Psicologia e Orienta\u00e7\u00e3o (SPO)?<\/strong><\/p><p>\u00c9 uma \u201c<em>unidade especializada de apoio educativo, integrada na rede escolar, que desenvolvem a sua a\u00e7\u00e3o nos estabelecimentos de educa\u00e7\u00e3o pr\u00e9-escolar e dos ensinos b\u00e1sico e secund\u00e1rio<\/em>\u201d que foram criadas pelo Governo Portugu\u00eas, atrav\u00e9s do Decreto-Lei n\u00ba 190\/191 de 17 de Maio de 1991, a fim de modernizar e melhorar a qualidade da Educa\u00e7\u00e3o.<\/p><p>O SPO constitui-se como um servi\u00e7o fundamental no suporte para uma escola inclusiva e de qualidade onde todos e cada um dos alunos encontrem respostas para a realiza\u00e7\u00e3o m\u00e1xima do seu potencial. Assim, constitui-se como uma resposta integrada num modelo multin\u00edvel de organiza\u00e7\u00e3o das medidas de suporte \u00e0 aprendizagem e \u00e0 inclus\u00e3o, que garanta a exist\u00eancia de um cont\u00ednuo de respostas \u00e0 diversidade de necessidades de todos os alunos.<\/p><p>Os principais dom\u00ednios de interven\u00e7\u00e3o do SPO s\u00e3o: apoio psicol\u00f3gico e psicopedag\u00f3gico individualizado; interven\u00e7\u00e3o com grupos de estudantes para promo\u00e7\u00e3o de compet\u00eancias; apoio ao desenvolvimento do sistema de rela\u00e7\u00f5es da comunidade educativa; consultoria psicol\u00f3gica promovendo liga\u00e7\u00e3o e integra\u00e7\u00e3o entre os diferentes intervenientes no processo educativo dos alunos; orienta\u00e7\u00e3o escolar e profissional, etc.<\/p><p><strong>Como funcionam o SPO do Agrupamento?<\/strong><\/p><p>O SPO desenvolve o seu trabalho com base em atribui\u00e7\u00f5es e compet\u00eancias legais, visando responder \u00e0s necessidades espec\u00edficas da comunidade escolar e orientando-se pela planifica\u00e7\u00e3o que integra o Plano Anual de Atividades do Agrupamento. A a\u00e7\u00e3o dos SPO destina-se a alunos, professores, educadores de inf\u00e2ncia, funcion\u00e1rios, pais e encarregados de educa\u00e7\u00e3o, ou outros profissionais que trabalhem em parceria com a escola.<\/p><p>A interven\u00e7\u00e3o pode ser desencadeada por dois mecanismos:<\/p><p>&#8211; Sinaliza\u00e7\u00e3o por parte de algum elemento da comunidade educativa,<\/p><p>&#8211; Avalia\u00e7\u00e3o de necessidades detetadas pela psic\u00f3loga.<\/p><p>Assumindo uma perspetiva preventiva e n\u00e3o remediativa dos problemas, o SPO ausculta os diferentes agentes da comunidade educativa, analisando as necessidades prementes, numa atitude\u00a0proativa, de forma a fomentar novas ideias, sugest\u00f5es e iniciativas de promo\u00e7\u00e3o de compet\u00eancias e de altera\u00e7\u00e3o de comportamentos.<\/p><p>Este servi\u00e7o disp\u00f5e de um espa\u00e7o de atendimento, localizado na Escola EB 2\/3 Miguel Leit\u00e3o de Andrada, pr\u00f3ximo da biblioteca e devidamente identificado, funcionando de 2\u00aa a 6\u00aa feira das 9h \u00e0s 17h.<\/p><p><strong>Como recorrer ao SPO?<\/strong><\/p><p>Alunos, professores, educadores de inf\u00e2ncia, funcion\u00e1rios, pais e encarregados de educa\u00e7\u00e3o, ou outros profissionais que trabalhem em parceria com a escola podem recorrer ao SPO:<\/p><ul><li>Atrav\u00e9s do(a) Diretor(a) de Turma;<\/li><li>Atrav\u00e9s de contacto telef\u00f3nico (916164504);<\/li><li>Atrav\u00e9s do e-mail (<a style=\"font-family: -apple-system, BlinkMacSystemFont, 'Segoe UI', Roboto, 'Helvetica Neue', Arial, 'Noto Sans', sans-serif, 'Apple Color Emoji', 'Segoe UI Emoji', 'Segoe UI Symbol', 'Noto Color Emoji';\" href=\"mailto:spo@agpedrogao.pt\">spo@agpedrogao.pt<\/a><span style=\"font-family: -apple-system, BlinkMacSystemFont, 'Segoe UI', Roboto, 'Helvetica Neue', Arial, 'Noto Sans', sans-serif, 'Apple Color Emoji', 'Segoe UI Emoji', 'Segoe UI Symbol', 'Noto Color Emoji';\">).<\/span><\/li><\/ul><p>\u00a0<\/p><p><strong><em>A Psic\u00f3loga do Agrupamento,<\/em><\/strong><br \/><strong><em>Ana Lu\u00edsa Silva<\/em><\/strong><\/p>\t\t\t\t\t\t\t\t<\/div>\n\t\t\t\t\t<\/div>\n\t\t\t\t<\/div>\n\t\t<div class=\"elementor-element elementor-element-d00f343 e-flex e-con-boxed e-con e-parent\" data-id=\"d00f343\" data-element_type=\"container\" data-e-type=\"container\">\n\t\t\t\t\t<div class=\"e-con-inner\">\n\t\t\t\t\t<\/div>\n\t\t\t\t<\/div>\n\t\t\t\t<\/div>\n\t\t\n    <div class=\"xs_social_share_widget xs_share_url after_content \t\tmain_content  wslu-style-1 wslu-share-box-shaped wslu-fill-colored wslu-none wslu-share-horizontal wslu-theme-font-no wslu-main_content\">\n\n\t\t\n        <ul>\n\t\t\t        <\/ul>\n    <\/div> \n","protected":false},"excerpt":{"rendered":"<p>Home \/ Servi\u00e7o Social \/ SPO SERVI\u00c7O DE PSICOLOGIA E ORIENTA\u00c7\u00c3O___ O que \u00e9 o Servi\u00e7o de Psicologia e Orienta\u00e7\u00e3o (SPO)? \u00c9 uma \u201cunidade especializada de apoio educativo, integrada na rede escolar, que desenvolvem a sua a\u00e7\u00e3o nos estabelecimentos de educa\u00e7\u00e3o pr\u00e9-escolar e dos ensinos b\u00e1sico e secund\u00e1rio\u201d que foram criadas pelo Governo Portugu\u00eas, atrav\u00e9s [&hellip;]<\/p>\n","protected":false},"author":1,"featured_media":0,"parent":0,"menu_order":0,"comment_status":"closed","ping_status":"closed","template":"elementor_header_footer","meta":{"pagelayer_contact_templates":[],"_pagelayer_content":"","postBodyCss":"","postBodyMargin":[],"postBodyPadding":[],"postBodyBackground":{"backgroundType":"classic","gradient":""},"footnotes":""},"class_list":["post-1137","page","type-page","status-publish","hentry"],"_links":{"self":[{"href":"https:\/\/agpedrogao.pt\/agpg\/wp-json\/wp\/v2\/pages\/1137","targetHints":{"allow":["GET"]}}],"collection":[{"href":"https:\/\/agpedrogao.pt\/agpg\/wp-json\/wp\/v2\/pages"}],"about":[{"href":"https:\/\/agpedrogao.pt\/agpg\/wp-json\/wp\/v2\/types\/page"}],"author":[{"embeddable":true,"href":"https:\/\/agpedrogao.pt\/agpg\/wp-json\/wp\/v2\/users\/1"}],"replies":[{"embeddable":true,"href":"https:\/\/agpedrogao.pt\/agpg\/wp-json\/wp\/v2\/comments?post=1137"}],"version-history":[{"count":7,"href":"https:\/\/agpedrogao.pt\/agpg\/wp-json\/wp\/v2\/pages\/1137\/revisions"}],"predecessor-version":[{"id":1775,"href":"https:\/\/agpedrogao.pt\/agpg\/wp-json\/wp\/v2\/pages\/1137\/revisions\/1775"}],"wp:attachment":[{"href":"https:\/\/agpedrogao.pt\/agpg\/wp-json\/wp\/v2\/media?parent=1137"}],"curies":[{"name":"wp","href":"https:\/\/api.w.org\/{rel}","templated":true}]}}